{"id":422,"date":"2020-02-15T13:09:47","date_gmt":"2020-02-15T13:09:47","guid":{"rendered":"http:\/\/katrin-schuermann.net\/?page_id=422"},"modified":"2020-02-17T19:34:35","modified_gmt":"2020-02-17T19:34:35","slug":"impressum-disclaimer","status":"publish","type":"page","link":"https:\/\/katrin-schuermann.net\/?page_id=422","title":{"rendered":"Impressum \/ Disclaimer"},"content":{"rendered":"\t\t<div data-elementor-type=\"wp-page\" data-elementor-id=\"422\" class=\"elementor elementor-422\">\n\t\t\t\t\t\t<section class=\"elementor-section elementor-top-section elementor-element elementor-element-8556982 elementor-section-boxed elementor-section-height-default elementor-section-height-default\" data-id=\"8556982\" data-element_type=\"section\" data-e-type=\"section\">\n\t\t\t\t\t\t<div class=\"elementor-container elementor-column-gap-wider\">\n\t\t\t\t\t<div class=\"elementor-column elementor-col-100 elementor-top-column elementor-element elementor-element-1317144\" data-id=\"1317144\" data-element_type=\"column\" data-e-type=\"column\">\n\t\t\t<div class=\"elementor-widget-wrap elementor-element-populated\">\n\t\t\t\t\t\t<div class=\"elementor-element elementor-element-9eab96c elementor-widget elementor-widget-image\" data-id=\"9eab96c\" data-element_type=\"widget\" data-e-type=\"widget\" data-widget_type=\"image.default\">\n\t\t\t\t<div class=\"elementor-widget-container\">\n\t\t\t\t\t\t\t\t\t\t\t\t\t\t\t<img decoding=\"async\" src=\"https:\/\/katrin-schuermann.net\/wp-content\/uploads\/2019\/01\/header_test_-004.jpg\" title=\"header_test_-004\" alt=\"header_test_-004\" loading=\"lazy\" \/>\t\t\t\t\t\t\t\t\t\t\t\t\t\t\t<\/div>\n\t\t\t\t<\/div>\n\t\t\t\t<div class=\"elementor-element elementor-element-8216c21 elementor-widget elementor-widget-text-editor\" data-id=\"8216c21\" data-element_type=\"widget\" data-e-type=\"widget\" data-widget_type=\"text-editor.default\">\n\t\t\t\t<div class=\"elementor-widget-container\">\n\t\t\t\t\t\t\t\t\t<h2>Impressum<\/h2><p>Katrin Sch\u00fcrmann<br \/>Papier und Pixel<br \/>Bockelsdorf 25<br \/>48727 Billerbeck<\/p><p>Telefon: 02543\/3045603<br \/>E-Mail: <a href=\"mailto:info@katrin-schuermann.net\">info@katrin-schuermann.net<\/a><\/p><h2>Disclaimer \u2013 rechtliche Hinweise<\/h2><p>\u00a7 1 Warnhinweis zu Inhalten<br \/>Die kostenlosen und frei zug\u00e4nglichen Inhalte dieser Webseite wurden mit<br \/>gr\u00f6\u00dftm\u00f6glicher Sorgfalt erstellt. Der Anbieter dieser Webseite \u00fcbernimmt jedoch<br \/>keine Gew\u00e4hr f\u00fcr die Richtigkeit und Aktualit\u00e4t der bereitgestellten kostenlosen<br \/>und frei zug\u00e4nglichen journalistischen Ratgeber und Nachrichten. Namentlich<br \/>gekennzeichnete Beitr\u00e4ge geben die Meinung des jeweiligen Autors und nicht immer<br \/>die Meinung des Anbieters wieder. Allein durch den Aufruf der kostenlosen und<br \/>frei zug\u00e4nglichen Inhalte kommt keinerlei Vertragsverh\u00e4ltnis zwischen dem Nutzer<br \/>und dem Anbieter zustande, insoweit fehlt es am Rechtsbindungswillen des<br \/>Anbieters.<\/p><p>\u00a7 2 Externe Links<br \/>Diese Website enth\u00e4lt Verkn\u00fcpfungen zu Websites Dritter (&#8222;externe Links&#8220;). Diese<br \/>Websites unterliegen der Haftung der jeweiligen Betreiber. Der Anbieter hat bei<br \/>der erstmaligen Verkn\u00fcpfung der externen Links die fremden Inhalte daraufhin<br \/>\u00fcberpr\u00fcft, ob etwaige Rechtsverst\u00f6\u00dfe bestehen. Zu dem Zeitpunkt waren keine<br \/>Rechtsverst\u00f6\u00dfe ersichtlich. Der Anbieter hat keinerlei Einfluss auf die aktuelle<br \/>und zuk\u00fcnftige Gestaltung und auf die Inhalte der verkn\u00fcpften Seiten. Das Setzen<br \/>von externen Links bedeutet nicht, dass sich der Anbieter die hinter dem Verweis<br \/>oder Link liegenden Inhalte zu Eigen macht. Eine st\u00e4ndige Kontrolle der externen<br \/>Links ist f\u00fcr den Anbieter ohne konkrete Hinweise auf Rechtsverst\u00f6\u00dfe nicht<br \/>zumutbar. Bei Kenntnis von Rechtsverst\u00f6\u00dfen werden jedoch derartige externe Links<br \/>unverz\u00fcglich gel\u00f6scht.<\/p><p>\u00a7 3 Urheber- und Leistungsschutzrechte<br \/>Die auf dieser Website ver\u00f6ffentlichten Inhalte unterliegen dem deutschen<br \/>Urheber- und Leistungsschutzrecht. Jede vom deutschen Urheber- und<br \/>Leistungsschutzrecht nicht zugelassene Verwertung bedarf der vorherigen<br \/>schriftlichen Zustimmung des Anbieters oder jeweiligen Rechteinhabers. Dies gilt<br \/>insbesondere f\u00fcr Vervielf\u00e4ltigung, Bearbeitung, \u00dcbersetzung, Einspeicherung,<br \/>Verarbeitung bzw. Wiedergabe von Inhalten in Datenbanken oder anderen<br \/>elektronischen Medien und Systemen. Inhalte und Rechte Dritter sind dabei als<br \/>solche gekennzeichnet. Die unerlaubte Vervielf\u00e4ltigung oder Weitergabe einzelner<br \/>Inhalte oder kompletter Seiten ist nicht gestattet und strafbar. Lediglich die<br \/>Herstellung von Kopien und Downloads f\u00fcr den pers\u00f6nlichen, privaten und nicht<br \/>kommerziellen Gebrauch ist erlaubt.<\/p><p>Die Darstellung dieser Website in fremden Frames ist nur mit schriftlicher<br \/>Erlaubnis zul\u00e4ssig.<\/p><p>\u00a7 4 Besondere Nutzungsbedingungen<br \/>Soweit besondere Bedingungen f\u00fcr einzelne Nutzungen dieser Website von den<br \/>vorgenannten Paragraphen abweichen, wird an entsprechender Stelle ausdr\u00fccklich<br \/>darauf hingewiesen. In diesem Falle gelten im jeweiligen Einzelfall die<br \/>besonderen Nutzungsbedingungen.<\/p><p>Quelle: <a href=\"https:\/\/www.juraforum.de\/impressum-generator\/\">Impressum Muster von<br \/>JuraForum.de<\/a><\/p>\t\t\t\t\t\t\t\t<\/div>\n\t\t\t\t<\/div>\n\t\t\t\t\t<\/div>\n\t\t<\/div>\n\t\t\t\t\t<\/div>\n\t\t<\/section>\n\t\t\t\t<\/div>\n\t\t","protected":false},"excerpt":{"rendered":"<p>Impressum Katrin Sch\u00fcrmannPapier und PixelBockelsdorf 2548727 Billerbeck Telefon: 02543\/3045603E-Mail: info@katrin-schuermann.net Disclaimer \u2013 rechtliche Hinweise \u00a7 1 Warnhinweis zu InhaltenDie kostenlosen und frei zug\u00e4nglichen Inhalte dieser Webseite wurden mitgr\u00f6\u00dftm\u00f6glicher Sorgfalt erstellt. Der Anbieter dieser Webseite \u00fcbernimmt jedochkeine Gew\u00e4hr f\u00fcr die Richtigkeit und Aktualit\u00e4t der bereitgestellten kostenlosenund frei zug\u00e4nglichen journalistischen Ratgeber und Nachrichten. Namentlichgekennzeichnete Beitr\u00e4ge geben die&hellip;&nbsp;<a href=\"https:\/\/katrin-schuermann.net\/?page_id=422\" rel=\"bookmark\">Weiterlesen &raquo;<span class=\"screen-reader-text\">Impressum \/ Disclaimer<\/span><\/a><\/p>\n","protected":false},"author":1,"featured_media":0,"parent":0,"menu_order":0,"comment_status":"closed","ping_status":"closed","template":"page-templates\/template-pagebuilder-full-width.php","meta":{"neve_meta_sidebar":"","neve_meta_container":"","neve_meta_enable_content_width":"off","neve_meta_content_width":0,"neve_meta_title_alignment":"","neve_meta_author_avatar":"","neve_post_elements_order":"","neve_meta_disable_header":"","neve_meta_disable_footer":"","neve_meta_disable_title":"","footnotes":""},"class_list":["post-422","page","type-page","status-publish","hentry"],"_links":{"self":[{"href":"https:\/\/katrin-schuermann.net\/index.php?rest_route=\/wp\/v2\/pages\/422","targetHints":{"allow":["GET"]}}],"collection":[{"href":"https:\/\/katrin-schuermann.net\/index.php?rest_route=\/wp\/v2\/pages"}],"about":[{"href":"https:\/\/katrin-schuermann.net\/index.php?rest_route=\/wp\/v2\/types\/page"}],"author":[{"embeddable":true,"href":"https:\/\/katrin-schuermann.net\/index.php?rest_route=\/wp\/v2\/users\/1"}],"replies":[{"embeddable":true,"href":"https:\/\/katrin-schuermann.net\/index.php?rest_route=%2Fwp%2Fv2%2Fcomments&post=422"}],"version-history":[{"count":4,"href":"https:\/\/katrin-schuermann.net\/index.php?rest_route=\/wp\/v2\/pages\/422\/revisions"}],"predecessor-version":[{"id":452,"href":"https:\/\/katrin-schuermann.net\/index.php?rest_route=\/wp\/v2\/pages\/422\/revisions\/452"}],"wp:attachment":[{"href":"https:\/\/katrin-schuermann.net\/index.php?rest_route=%2Fwp%2Fv2%2Fmedia&parent=422"}],"curies":[{"name":"wp","href":"https:\/\/api.w.org\/{rel}","templated":true}]}}